{"id":2,"date":"2021-01-07T12:44:18","date_gmt":"2021-01-07T12:44:18","guid":{"rendered":"http:\/\/kisvardataxi.hu\/?page_id=2"},"modified":"2025-07-22T17:12:52","modified_gmt":"2025-07-22T15:12:52","slug":"taxi-kisvarda","status":"publish","type":"page","link":"https:\/\/kisvardataxi.hu\/","title":{"rendered":"Kezd\u0151oldal"},"content":{"rendered":"\n<p><mark style=\"background-color:rgba(0, 0, 0, 0)\" class=\"has-inline-color has-vivid-red-color\"><strong>+36 30 3000 533<\/strong><\/mark><\/p>\n\n\n\n<p><mark style=\"background-color:rgba(0, 0, 0, 0)\" class=\"has-inline-color has-vivid-red-color\">-Min\u0151s\u00e9g!<\/mark><\/p>\n\n\n\n<p>&#8211;<mark style=\"background-color:rgba(0, 0, 0, 0)\" class=\"has-inline-color has-vivid-red-color\">Pontoss\u00e1g! <\/mark><\/p>\n\n\n\n<p>&#8211;<mark style=\"background-color:rgba(0, 0, 0, 0)\" class=\"has-inline-color has-vivid-red-color\">Megb\u00edzhat\u00f3s\u00e1g! <\/mark><\/p>\n\n\n\n<p>&#8211;<mark style=\"background-color:rgba(0, 0, 0, 0)\" class=\"has-inline-color has-vivid-red-color\">Diszkr\u00e9ci\u00f3!<\/mark><\/p>\n\n\n\n<p>Taxis szem\u00e9lysz\u00e1ll\u00edt\u00e1s ak\u00e1r az orsz\u00e1g eg\u00e9sz ter\u00fclet\u00e9n \u00e9s a k\u00f6rnyez\u0151 EU orsz\u00e1gokba.<\/p>\n\n\n\n<p>Hosszabb utaz\u00e1sra egyedi aj\u00e1nlat.<\/p>\n\n\n\n<p>Ingyenes wifi haszn\u00e1lat! <\/p>\n\n\n\n<p><mark style=\"background-color:rgba(0, 0, 0, 0)\" class=\"has-inline-color has-accent-1-color\">BANKK\u00c1RTY\u00c1S FIZET\u00c9SI LEHET\u0150S\u00c9G!!<\/mark><\/p>\n\n\n\n<p>#<a rel=\"noreferrer noopener\" href=\"https:\/\/kisvarda.hu\/\" target=\"_blank\">KISV\u00c1RDA<\/a> #<a rel=\"noreferrer noopener\" href=\"https:\/\/kisvardataxi.hu\/\" target=\"_blank\">TAXI<\/a> #taxikisv\u00e1rda #kisv\u00e1rdataxi #jocitaxi #jocitaxikisv\u00e1rda #joci<\/p>\n","protected":false},"excerpt":{"rendered":"<p>+36 30 3000 533 -Min\u0151s\u00e9g! &#8211;Pontoss\u00e1g! &#8211;Megb\u00edzhat\u00f3s\u00e1g! &#8211;Diszkr\u00e9ci\u00f3! Taxis szem\u00e9lysz\u00e1ll\u00edt\u00e1s ak\u00e1r az orsz\u00e1g eg\u00e9sz ter\u00fclet\u00e9n \u00e9s a k\u00f6rnyez\u0151 EU orsz\u00e1gokba. Hosszabb utaz\u00e1sra egyedi aj\u00e1nlat. Ingyenes wifi haszn\u00e1lat! BANKK\u00c1RTY\u00c1S FIZET\u00c9SI LEHET\u0150S\u00c9G!! #KISV\u00c1RDA #TAXI #taxikisv\u00e1rda #kisv\u00e1rdataxi #jocitaxi #jocitaxikisv\u00e1rda #joci<\/p>\n","protected":false},"author":2,"featured_media":0,"parent":0,"menu_order":0,"comment_status":"closed","ping_status":"closed","template":"","meta":{"footnotes":""},"class_list":["post-2","page","type-page","status-publish","hentry"],"_links":{"self":[{"href":"https:\/\/kisvardataxi.hu\/index.php?rest_route=\/wp\/v2\/pages\/2","targetHints":{"allow":["GET"]}}],"collection":[{"href":"https:\/\/kisvardataxi.hu\/index.php?rest_route=\/wp\/v2\/pages"}],"about":[{"href":"https:\/\/kisvardataxi.hu\/index.php?rest_route=\/wp\/v2\/types\/page"}],"author":[{"embeddable":true,"href":"https:\/\/kisvardataxi.hu\/index.php?rest_route=\/wp\/v2\/users\/2"}],"replies":[{"embeddable":true,"href":"https:\/\/kisvardataxi.hu\/index.php?rest_route=%2Fwp%2Fv2%2Fcomments&post=2"}],"version-history":[{"count":16,"href":"https:\/\/kisvardataxi.hu\/index.php?rest_route=\/wp\/v2\/pages\/2\/revisions"}],"predecessor-version":[{"id":273,"href":"https:\/\/kisvardataxi.hu\/index.php?rest_route=\/wp\/v2\/pages\/2\/revisions\/273"}],"wp:attachment":[{"href":"https:\/\/kisvardataxi.hu\/index.php?rest_route=%2Fwp%2Fv2%2Fmedia&parent=2"}],"curies":[{"name":"wp","href":"https:\/\/api.w.org\/{rel}","templated":true}]}}