{"id":45,"date":"2021-01-07T17:53:31","date_gmt":"2021-01-07T17:53:31","guid":{"rendered":"https:\/\/kisvardataxi.hu\/?page_id=45"},"modified":"2026-02-12T19:28:05","modified_gmt":"2026-02-12T18:28:05","slug":"arak","status":"publish","type":"page","link":"https:\/\/kisvardataxi.hu\/?page_id=45","title":{"rendered":"\u00c1rak"},"content":{"rendered":"\n<p># <a rel=\"noreferrer noopener\" href=\"https:\/\/kisvardataxi.hu\" data-type=\"URL\" data-id=\"https:\/\/kisvardataxi.hu\" target=\"_blank\">TAXI<\/a> # <a href=\"https:\/\/kisvarda.hu\" data-type=\"URL\" data-id=\"https:\/\/kisvarda.hu\" target=\"_blank\" rel=\"noreferrer noopener\">KISV\u00c1RDA<\/a><\/p>\n\n\n\n<figure class=\"wp-block-image size-full\"><img loading=\"lazy\" decoding=\"async\" width=\"636\" height=\"180\" src=\"https:\/\/kisvardataxi.hu\/wp-content\/uploads\/2025\/03\/Kepernyofelvetel-27.png\" alt=\"\" class=\"wp-image-309\" srcset=\"https:\/\/kisvardataxi.hu\/wp-content\/uploads\/2025\/03\/Kepernyofelvetel-27.png 636w, https:\/\/kisvardataxi.hu\/wp-content\/uploads\/2025\/03\/Kepernyofelvetel-27-300x85.png 300w, https:\/\/kisvardataxi.hu\/wp-content\/uploads\/2025\/03\/Kepernyofelvetel-27-561x159.png 561w\" sizes=\"auto, (max-width: 636px) 100vw, 636px\" \/><\/figure>\n\n\n\n<p><strong><span class=\"has-inline-color has-accent-2-color\">BANKK\u00c1RTY\u00c1S FIZET\u00c9SI LEHET\u0150S\u00c9G!<\/span><\/strong><\/p>\n\n\n\n<p><strong>Nyitva tart\u00e1s:<\/strong><\/p>\n\n\n\n<p>H\u00e9tk\u00f6znap: 07:00 &#8211; 20:00<\/p>\n\n\n\n<p>Szombat: 08:00 &#8211; 20:00<\/p>\n\n\n\n<p>Vas\u00e1rnap:      Z\u00e1rva<\/p>\n\n\n\n<p><mark style=\"background-color:rgba(0, 0, 0, 0)\" class=\"has-inline-color has-accent-2-color\">Ingyenes wifi haszn\u00e1lat! <\/mark><\/p>\n\n\n\n<p><\/p>\n\n\n\n<p><\/p>\n","protected":false},"excerpt":{"rendered":"<p># TAXI # KISV\u00c1RDA BANKK\u00c1RTY\u00c1S FIZET\u00c9SI LEHET\u0150S\u00c9G! Nyitva tart\u00e1s: H\u00e9tk\u00f6znap: 07:00 &#8211; 20:00 Szombat: 08:00 &#8211; 20:00 Vas\u00e1rnap: Z\u00e1rva Ingyenes wifi haszn\u00e1lat!<\/p>\n","protected":false},"author":2,"featured_media":0,"parent":0,"menu_order":0,"comment_status":"closed","ping_status":"closed","template":"","meta":{"footnotes":""},"class_list":["post-45","page","type-page","status-publish","hentry"],"_links":{"self":[{"href":"https:\/\/kisvardataxi.hu\/index.php?rest_route=\/wp\/v2\/pages\/45","targetHints":{"allow":["GET"]}}],"collection":[{"href":"https:\/\/kisvardataxi.hu\/index.php?rest_route=\/wp\/v2\/pages"}],"about":[{"href":"https:\/\/kisvardataxi.hu\/index.php?rest_route=\/wp\/v2\/types\/page"}],"author":[{"embeddable":true,"href":"https:\/\/kisvardataxi.hu\/index.php?rest_route=\/wp\/v2\/users\/2"}],"replies":[{"embeddable":true,"href":"https:\/\/kisvardataxi.hu\/index.php?rest_route=%2Fwp%2Fv2%2Fcomments&post=45"}],"version-history":[{"count":26,"href":"https:\/\/kisvardataxi.hu\/index.php?rest_route=\/wp\/v2\/pages\/45\/revisions"}],"predecessor-version":[{"id":322,"href":"https:\/\/kisvardataxi.hu\/index.php?rest_route=\/wp\/v2\/pages\/45\/revisions\/322"}],"wp:attachment":[{"href":"https:\/\/kisvardataxi.hu\/index.php?rest_route=%2Fwp%2Fv2%2Fmedia&parent=45"}],"curies":[{"name":"wp","href":"https:\/\/api.w.org\/{rel}","templated":true}]}}